{"id":1054,"date":"2024-11-25T14:21:15","date_gmt":"2024-11-25T14:21:15","guid":{"rendered":"https:\/\/gramentheme.com\/wp\/digtek\/?page_id=1054"},"modified":"2025-11-13T10:38:46","modified_gmt":"2025-11-13T10:38:46","slug":"faqs","status":"publish","type":"page","link":"https:\/\/digicraft.us\/fr\/faqs\/","title":{"rendered":"FAQ&#8217;s"},"content":{"rendered":"<div data-elementor-type=\"wp-page\" data-elementor-id=\"1054\" class=\"elementor elementor-1054\" data-elementor-post-type=\"page\">\n\t\t\t\t<div class=\"elementor-element elementor-element-5e988e5 e-con-full e-flex e-con e-parent\" data-id=\"5e988e5\" data-element_type=\"container\" data-e-type=\"container\">\n\t\t\t\t<div class=\"elementor-element elementor-element-ca64f8b elementor-widget elementor-widget-digtek-text-slider-widget\" data-id=\"ca64f8b\" data-element_type=\"widget\" data-e-type=\"widget\" data-widget_type=\"digtek-text-slider-widget.default\">\n\t\t\t\t<div class=\"elementor-widget-container\">\n\t\t\t\t\t\r\n\r\n\r\n\t\r\n\r\n\t\t<div class=\"marquee-section\">\r\n            <div class=\"mycustom-marque theme-blue-bg\">\r\n                <div class=\"scrolling-wrap\">\r\n\r\n                    <div class=\"comm\">\r\n\t\t\t\t\t\t\r\n                        <div class=\"cmn-textslide stroke-text\">\r\n\t\t\t\t\t\t\t\t\t\t\t\t\t<img decoding=\"async\" src=\"https:\/\/digicraft.us\/wp-content\/uploads\/2024\/11\/star.png\" alt=\"\">\r\n\t\t\t\t\t\t\t\t\t\t\t\tCroissance commerciale\t\t\t\t\t\t<\/div>\r\n\t\t\t\t\t\t\r\n                        <div class=\"cmn-textslide\">\r\n\t\t\t\t\t\t\t\t\t\t\t\t\t<img decoding=\"async\" src=\"https:\/\/digicraft.us\/wp-content\/uploads\/2024\/11\/star.png\" alt=\"\">\r\n\t\t\t\t\t\t\t\t\t\t\t\tMarketing num\u00e9rique\t\t\t\t\t\t<\/div>\r\n\t\t\t\t\t\t\r\n                        <div class=\"cmn-textslide stroke-text\">\r\n\t\t\t\t\t\t\t\t\t\t\t\t\t<img decoding=\"async\" src=\"https:\/\/digicraft.us\/wp-content\/uploads\/2024\/11\/star.png\" alt=\"\">\r\n\t\t\t\t\t\t\t\t\t\t\t\tMarketing SEO\t\t\t\t\t\t<\/div>\r\n\t\t\t\t\t\t\r\n                        <div class=\"cmn-textslide\">\r\n\t\t\t\t\t\t\t\t\t\t\t\t\t<img decoding=\"async\" src=\"https:\/\/digicraft.us\/wp-content\/uploads\/2024\/11\/star.png\" alt=\"\">\r\n\t\t\t\t\t\t\t\t\t\t\t\tWebsite Design\t\t\t\t\t\t<\/div>\r\n\t\t\t\t\t\t\r\n                        <div class=\"cmn-textslide stroke-text\">\r\n\t\t\t\t\t\t\t\t\t\t\t\t\t<img decoding=\"async\" src=\"https:\/\/digicraft.us\/wp-content\/uploads\/2024\/11\/star.png\" alt=\"\">\r\n\t\t\t\t\t\t\t\t\t\t\t\tConception graphique\t\t\t\t\t\t<\/div>\r\n\t\t\t\t\t\t\r\n                        <div class=\"cmn-textslide\">\r\n\t\t\t\t\t\t\t\t\t\t\t\t\t<img decoding=\"async\" src=\"https:\/\/digicraft.us\/wp-content\/uploads\/2024\/11\/star.png\" alt=\"\">\r\n\t\t\t\t\t\t\t\t\t\t\t\tMarketing sur les r\u00e9seaux sociaux\t\t\t\t\t\t<\/div>\r\n\t\t\t\t\t\t\r\n                        <div class=\"cmn-textslide stroke-text\">\r\n\t\t\t\t\t\t\t\t\t\t\t\t\t<img decoding=\"async\" src=\"https:\/\/digicraft.us\/wp-content\/uploads\/2024\/11\/star.png\" alt=\"\">\r\n\t\t\t\t\t\t\t\t\t\t\t\tSolutions de commerce \u00e9lectronique\t\t\t\t\t\t<\/div>\r\n\t\t\t\t\t\t\r\n                        <div class=\"cmn-textslide\">\r\n\t\t\t\t\t\t\t\t\t\t\t\t\t<img decoding=\"async\" src=\"https:\/\/digicraft.us\/wp-content\/uploads\/2024\/11\/star.png\" alt=\"\">\r\n\t\t\t\t\t\t\t\t\t\t\t\tR\u00e9daction de contenu\t\t\t\t\t\t<\/div>\r\n\t\t\t\t\t                    <\/div>\r\n\r\n                    <div class=\"comm\">\r\n\t\t\t\t\t\t\r\n                        <div class=\"cmn-textslide stroke-text\">\r\n\t\t\t\t\t\t\t\t\t\t\t\t\t<img decoding=\"async\" src=\"https:\/\/digicraft.us\/wp-content\/uploads\/2024\/11\/star.png\" alt=\"\">\r\n\t\t\t\t\t\t\t\t\t\t\t\tCroissance commerciale\t\t\t\t\t\t<\/div>\r\n\t\t\t\t\t\t\r\n                        <div class=\"cmn-textslide\">\r\n\t\t\t\t\t\t\t\t\t\t\t\t\t<img decoding=\"async\" src=\"https:\/\/digicraft.us\/wp-content\/uploads\/2024\/11\/star.png\" alt=\"\">\r\n\t\t\t\t\t\t\t\t\t\t\t\tMarketing num\u00e9rique\t\t\t\t\t\t<\/div>\r\n\t\t\t\t\t\t\r\n                        <div class=\"cmn-textslide stroke-text\">\r\n\t\t\t\t\t\t\t\t\t\t\t\t\t<img decoding=\"async\" src=\"https:\/\/digicraft.us\/wp-content\/uploads\/2024\/11\/star.png\" alt=\"\">\r\n\t\t\t\t\t\t\t\t\t\t\t\tMarketing SEO\t\t\t\t\t\t<\/div>\r\n\t\t\t\t\t\t\r\n                        <div class=\"cmn-textslide\">\r\n\t\t\t\t\t\t\t\t\t\t\t\t\t<img decoding=\"async\" src=\"https:\/\/digicraft.us\/wp-content\/uploads\/2024\/11\/star.png\" alt=\"\">\r\n\t\t\t\t\t\t\t\t\t\t\t\tWebsite Design\t\t\t\t\t\t<\/div>\r\n\t\t\t\t\t\t\r\n                        <div class=\"cmn-textslide stroke-text\">\r\n\t\t\t\t\t\t\t\t\t\t\t\t\t<img decoding=\"async\" src=\"https:\/\/digicraft.us\/wp-content\/uploads\/2024\/11\/star.png\" alt=\"\">\r\n\t\t\t\t\t\t\t\t\t\t\t\tConception graphique\t\t\t\t\t\t<\/div>\r\n\t\t\t\t\t\t\r\n                        <div class=\"cmn-textslide\">\r\n\t\t\t\t\t\t\t\t\t\t\t\t\t<img decoding=\"async\" src=\"https:\/\/digicraft.us\/wp-content\/uploads\/2024\/11\/star.png\" alt=\"\">\r\n\t\t\t\t\t\t\t\t\t\t\t\tMarketing sur les r\u00e9seaux sociaux\t\t\t\t\t\t<\/div>\r\n\t\t\t\t\t\t\r\n                        <div class=\"cmn-textslide stroke-text\">\r\n\t\t\t\t\t\t\t\t\t\t\t\t\t<img decoding=\"async\" src=\"https:\/\/digicraft.us\/wp-content\/uploads\/2024\/11\/star.png\" alt=\"\">\r\n\t\t\t\t\t\t\t\t\t\t\t\tSolutions de commerce \u00e9lectronique\t\t\t\t\t\t<\/div>\r\n\t\t\t\t\t\t\r\n                        <div class=\"cmn-textslide\">\r\n\t\t\t\t\t\t\t\t\t\t\t\t\t<img decoding=\"async\" src=\"https:\/\/digicraft.us\/wp-content\/uploads\/2024\/11\/star.png\" alt=\"\">\r\n\t\t\t\t\t\t\t\t\t\t\t\tR\u00e9daction de contenu\t\t\t\t\t\t<\/div>\r\n\t\t\t\t\t                    <\/div>\r\n\t\t\t\t\t\r\n                    <div class=\"comm\">\r\n\t\t\t\t\t\t\r\n                        <div class=\"cmn-textslide stroke-text\">\r\n\t\t\t\t\t\t\t\t\t\t\t\t\t<img decoding=\"async\" src=\"https:\/\/digicraft.us\/wp-content\/uploads\/2024\/11\/star.png\" alt=\"\">\r\n\t\t\t\t\t\t\t\t\t\t\t\tCroissance commerciale\t\t\t\t\t\t<\/div>\r\n\t\t\t\t\t\t\r\n                        <div class=\"cmn-textslide\">\r\n\t\t\t\t\t\t\t\t\t\t\t\t\t<img decoding=\"async\" src=\"https:\/\/digicraft.us\/wp-content\/uploads\/2024\/11\/star.png\" alt=\"\">\r\n\t\t\t\t\t\t\t\t\t\t\t\tMarketing num\u00e9rique\t\t\t\t\t\t<\/div>\r\n\t\t\t\t\t\t\r\n                        <div class=\"cmn-textslide stroke-text\">\r\n\t\t\t\t\t\t\t\t\t\t\t\t\t<img decoding=\"async\" src=\"https:\/\/digicraft.us\/wp-content\/uploads\/2024\/11\/star.png\" alt=\"\">\r\n\t\t\t\t\t\t\t\t\t\t\t\tMarketing SEO\t\t\t\t\t\t<\/div>\r\n\t\t\t\t\t\t\r\n                        <div class=\"cmn-textslide\">\r\n\t\t\t\t\t\t\t\t\t\t\t\t\t<img decoding=\"async\" src=\"https:\/\/digicraft.us\/wp-content\/uploads\/2024\/11\/star.png\" alt=\"\">\r\n\t\t\t\t\t\t\t\t\t\t\t\tWebsite Design\t\t\t\t\t\t<\/div>\r\n\t\t\t\t\t\t\r\n                        <div class=\"cmn-textslide stroke-text\">\r\n\t\t\t\t\t\t\t\t\t\t\t\t\t<img decoding=\"async\" src=\"https:\/\/digicraft.us\/wp-content\/uploads\/2024\/11\/star.png\" alt=\"\">\r\n\t\t\t\t\t\t\t\t\t\t\t\tConception graphique\t\t\t\t\t\t<\/div>\r\n\t\t\t\t\t\t\r\n                        <div class=\"cmn-textslide\">\r\n\t\t\t\t\t\t\t\t\t\t\t\t\t<img decoding=\"async\" src=\"https:\/\/digicraft.us\/wp-content\/uploads\/2024\/11\/star.png\" alt=\"\">\r\n\t\t\t\t\t\t\t\t\t\t\t\tMarketing sur les r\u00e9seaux sociaux\t\t\t\t\t\t<\/div>\r\n\t\t\t\t\t\t\r\n                        <div class=\"cmn-textslide stroke-text\">\r\n\t\t\t\t\t\t\t\t\t\t\t\t\t<img decoding=\"async\" src=\"https:\/\/digicraft.us\/wp-content\/uploads\/2024\/11\/star.png\" alt=\"\">\r\n\t\t\t\t\t\t\t\t\t\t\t\tSolutions de commerce \u00e9lectronique\t\t\t\t\t\t<\/div>\r\n\t\t\t\t\t\t\r\n                        <div class=\"cmn-textslide\">\r\n\t\t\t\t\t\t\t\t\t\t\t\t\t<img decoding=\"async\" src=\"https:\/\/digicraft.us\/wp-content\/uploads\/2024\/11\/star.png\" alt=\"\">\r\n\t\t\t\t\t\t\t\t\t\t\t\tR\u00e9daction de contenu\t\t\t\t\t\t<\/div>\r\n\t\t\t\t\t                    <\/div>\r\n\t\t\t\t\r\n                <\/div>\r\n            <\/div>\r\n        <\/div>\r\n\r\n\t\r\n\r\n             \r\n\t\t\t\t\t\t<\/div>\n\t\t\t\t<\/div>\n\t\t\t\t<\/div>\n\t\t<div class=\"elementor-element elementor-element-3f45f47 e-flex e-con-boxed e-con e-parent\" data-id=\"3f45f47\" data-element_type=\"container\" data-e-type=\"container\">\n\t\t\t\t\t<div class=\"e-con-inner\">\n\t\t<div class=\"elementor-element elementor-element-c15964d e-con-full e-flex e-con e-child\" data-id=\"c15964d\" data-element_type=\"container\" data-e-type=\"container\">\n\t\t\t\t<div class=\"elementor-element elementor-element-fb1d320 elementor-widget elementor-widget-digtek-heading-title-widget\" data-id=\"fb1d320\" data-element_type=\"widget\" data-e-type=\"widget\" data-widget_type=\"digtek-heading-title-widget.default\">\n\t\t\t\t<div class=\"elementor-widget-container\">\n\t\t\t\t\t\r\n\t\r\n\r\n\t<div class=\"section-title\">\r\n\t\t\t\t<div class=\"sub-title bg-color-3 wow fadeInUp\">\r\n\t\t\t<span class=\"wow fadeInUp\">FAQ's<\/span>\r\n\t\t<\/div>\r\n\t\t\t\t\t\t<h2 class=\"text-white wow fadeInUp\" data-wow-delay=\".3s\">\r\n\t\t\tCr\u00e9ons ensemble quelque chose d'extraordinaire\t\t<\/h2>\r\n\t\t\t<\/div>\r\n\r\n\t\r\n\r\n             \r\n\t\t\t\t\t\t<\/div>\n\t\t\t\t<\/div>\n\t\t\t\t<div class=\"elementor-element elementor-element-7d48088 elementor-widget elementor-widget-heading\" data-id=\"7d48088\" data-element_type=\"widget\" data-e-type=\"widget\" data-widget_type=\"heading.default\">\n\t\t\t\t\t<p class=\"elementor-heading-title elementor-size-default\">Nous ne sommes pas une agence comme les autres, nous sommes vos partenaires de croissance num\u00e9rique. Forts de\n                                    nos ann\u00e9es d'exp\u00e9rience dans le secteur et anim\u00e9s par notre passion pour l'innovation, notre \u00e9quipe\n                                    s'engage \u00e0 fournir des r\u00e9sultats mesurables qui propulseront votre entreprise vers l'avant.<\/p>\t\t\t\t<\/div>\n\t\t<div class=\"elementor-element elementor-element-80f6ca0 e-con-full e-flex e-con e-child\" data-id=\"80f6ca0\" data-element_type=\"container\" data-e-type=\"container\">\n\t\t\t\t<div class=\"elementor-element elementor-element-9b964ac elementor-icon-list--layout-traditional elementor-list-item-link-full_width elementor-widget elementor-widget-icon-list\" data-id=\"9b964ac\" data-element_type=\"widget\" data-e-type=\"widget\" data-widget_type=\"icon-list.default\">\n\t\t\t\t\t\t\t<ul class=\"elementor-icon-list-items\">\n\t\t\t\t\t\t\t<li class=\"elementor-icon-list-item\">\n\t\t\t\t\t\t\t\t\t\t\t<span class=\"elementor-icon-list-icon\">\n\t\t\t\t\t\t\t<svg aria-hidden=\"true\" class=\"e-font-icon-svg e-far-check-circle\" viewbox=\"0 0 512 512\" xmlns=\"http:\/\/www.w3.org\/2000\/svg\"><path d=\"M256 8C119.033 8 8 119.033 8 256s111.033 248 248 248 248-111.033 248-248S392.967 8 256 8zm0 48c110.532 0 200 89.451 200 200 0 110.532-89.451 200-200 200-110.532 0-200-89.451-200-200 0-110.532 89.451-200 200-200m140.204 130.267l-22.536-22.718c-4.667-4.705-12.265-4.736-16.97-.068L215.346 303.697l-59.792-60.277c-4.667-4.705-12.265-4.736-16.97-.069l-22.719 22.536c-4.705 4.667-4.736 12.265-.068 16.971l90.781 91.516c4.667 4.705 12.265 4.736 16.97.068l172.589-171.204c4.704-4.668 4.734-12.266.067-16.971z\"><\/path><\/svg>\t\t\t\t\t\t<\/span>\n\t\t\t\t\t\t\t\t\t\t<span class=\"elementor-icon-list-text\">Top quality service<\/span>\n\t\t\t\t\t\t\t\t\t<\/li>\n\t\t\t\t\t\t<\/ul>\n\t\t\t\t\t\t<\/div>\n\t\t\t\t<div class=\"elementor-element elementor-element-6ca694e elementor-icon-list--layout-traditional elementor-list-item-link-full_width elementor-widget elementor-widget-icon-list\" data-id=\"6ca694e\" data-element_type=\"widget\" data-e-type=\"widget\" data-widget_type=\"icon-list.default\">\n\t\t\t\t\t\t\t<ul class=\"elementor-icon-list-items\">\n\t\t\t\t\t\t\t<li class=\"elementor-icon-list-item\">\n\t\t\t\t\t\t\t\t\t\t\t<span class=\"elementor-icon-list-icon\">\n\t\t\t\t\t\t\t<svg aria-hidden=\"true\" class=\"e-font-icon-svg e-far-check-circle\" viewbox=\"0 0 512 512\" xmlns=\"http:\/\/www.w3.org\/2000\/svg\"><path d=\"M256 8C119.033 8 8 119.033 8 256s111.033 248 248 248 248-111.033 248-248S392.967 8 256 8zm0 48c110.532 0 200 89.451 200 200 0 110.532-89.451 200-200 200-110.532 0-200-89.451-200-200 0-110.532 89.451-200 200-200m140.204 130.267l-22.536-22.718c-4.667-4.705-12.265-4.736-16.97-.068L215.346 303.697l-59.792-60.277c-4.667-4.705-12.265-4.736-16.97-.069l-22.719 22.536c-4.705 4.667-4.736 12.265-.068 16.971l90.781 91.516c4.667 4.705 12.265 4.736 16.97.068l172.589-171.204c4.704-4.668 4.734-12.266.067-16.971z\"><\/path><\/svg>\t\t\t\t\t\t<\/span>\n\t\t\t\t\t\t\t\t\t\t<span class=\"elementor-icon-list-text\">Intermodal Shipping<\/span>\n\t\t\t\t\t\t\t\t\t<\/li>\n\t\t\t\t\t\t<\/ul>\n\t\t\t\t\t\t<\/div>\n\t\t\t\t<\/div>\n\t\t\t\t<\/div>\n\t\t<div class=\"elementor-element elementor-element-f964701 e-con-full e-flex e-con e-child\" data-id=\"f964701\" data-element_type=\"container\" data-e-type=\"container\">\n\t\t\t\t<div class=\"elementor-element elementor-element-0574e72 elementor-widget elementor-widget-digtek-theme-accordion-widget\" data-id=\"0574e72\" data-element_type=\"widget\" data-e-type=\"widget\" data-widget_type=\"digtek-theme-accordion-widget.default\">\n\t\t\t\t<div class=\"elementor-widget-container\">\n\t\t\t\t\t\r\n\t<div class=\"faq-wrapper\">\r\n\t\t<div class=\"faq-accordion-items\">\r\n\t\t\t<div class=\"faq-accordion\">\r\n\t\t\t\t<div class=\"accordion\" id=\"accordion\">\r\n\t\t\t\t\t\t\t\t\t\t<div class=\"accordion-item mb-3 wow fadeInUp\" data-wow-delay=\".5s\">\r\n\t\t\t\t\t\t<h5 class=\"accordion-header\">\r\n\t\t\t\t\t\t\t<button class=\"accordion-button collapsed\" type=\"button\" data-bs-toggle=\"collapse\" data-bs-target=\"#faq20\" aria-expanded=\"false\" aria-controls=\"faq20\">\r\n\t\t\t\t\t\t\t\t1. Quels sont les services propos\u00e9s par Digicraft ?\t\t\t\t\t\t\t<\/button>\r\n\t\t\t\t\t\t<\/h5>\r\n\t\t\t\t\t\t<div id=\"faq20\" class=\"accordion-collapse collapse\" data-bs-parent=\"#accordion\">\r\n\t\t\t\t\t\t\t<div class=\"accordion-body\">\r\n\t\t\t\t\t\t\t\tNous proposons une gamme compl\u00e8te de services num\u00e9riques, notamment la conception et le d\u00e9veloppement de sites Web, la strat\u00e9gie de marque, le marketing sur les r\u00e9seaux sociaux, la r\u00e9daction de contenu, le r\u00e9f\u00e9rencement naturel (SEO) et les solutions de commerce \u00e9lectronique.\t\t\t\t\t\t\t<\/div>\r\n\t\t\t\t\t\t<\/div>\r\n\t\t\t\t\t<\/div>\r\n\t\t\t\t\t\t\t\t\t\t<div class=\"accordion-item mb-3 wow fadeInUp\" data-wow-delay=\".5s\">\r\n\t\t\t\t\t\t<h5 class=\"accordion-header\">\r\n\t\t\t\t\t\t\t<button class=\"accordion-button collapsed\" type=\"button\" data-bs-toggle=\"collapse\" data-bs-target=\"#faq21\" aria-expanded=\"false\" aria-controls=\"faq21\">\r\n\t\t\t\t\t\t\t\t2. Combien de temps faut-il pour mener \u00e0 bien un projet ?\t\t\t\t\t\t\t<\/button>\r\n\t\t\t\t\t\t<\/h5>\r\n\t\t\t\t\t\t<div id=\"faq21\" class=\"accordion-collapse collapse show\" data-bs-parent=\"#accordion\">\r\n\t\t\t\t\t\t\t<div class=\"accordion-body\">\r\n\t\t\t\t\t\t\t\tLa dur\u00e9e des projets d\u00e9pend de leur ampleur et de leur complexit\u00e9. Un site web standard peut prendre entre deux et quatre semaines, tandis que les projets de branding ou de marketing varient en fonction des exigences. Nous communiquons toujours un calendrier pr\u00e9cis avant de commencer.\t\t\t\t\t\t\t<\/div>\r\n\t\t\t\t\t\t<\/div>\r\n\t\t\t\t\t<\/div>\r\n\t\t\t\t\t\t\t\t\t\t<div class=\"accordion-item mb-3 wow fadeInUp\" data-wow-delay=\".5s\">\r\n\t\t\t\t\t\t<h5 class=\"accordion-header\">\r\n\t\t\t\t\t\t\t<button class=\"accordion-button collapsed\" type=\"button\" data-bs-toggle=\"collapse\" data-bs-target=\"#faq22\" aria-expanded=\"false\" aria-controls=\"faq22\">\r\n\t\t\t\t\t\t\t\t3. Proposez-vous des forfaits personnalis\u00e9s ?\t\t\t\t\t\t\t<\/button>\r\n\t\t\t\t\t\t<\/h5>\r\n\t\t\t\t\t\t<div id=\"faq22\" class=\"accordion-collapse collapse\" data-bs-parent=\"#accordion\">\r\n\t\t\t\t\t\t\t<div class=\"accordion-body\">\r\n\t\t\t\t\t\t\t\tOui. Nous cr\u00e9ons des solutions sur mesure en fonction des besoins, des objectifs et du budget de votre entreprise. Chaque client b\u00e9n\u00e9ficie d'une strat\u00e9gie personnalis\u00e9e, et non d'un plan standardis\u00e9.\t\t\t\t\t\t\t<\/div>\r\n\t\t\t\t\t\t<\/div>\r\n\t\t\t\t\t<\/div>\r\n\t\t\t\t\t\t\t\t\t\t<div class=\"accordion-item mb-3 wow fadeInUp\" data-wow-delay=\".5s\">\r\n\t\t\t\t\t\t<h5 class=\"accordion-header\">\r\n\t\t\t\t\t\t\t<button class=\"accordion-button collapsed\" type=\"button\" data-bs-toggle=\"collapse\" data-bs-target=\"#faq23\" aria-expanded=\"false\" aria-controls=\"faq23\">\r\n\t\t\t\t\t\t\t\t4. Pouvez-vous g\u00e9rer mes r\u00e9seaux sociaux ou mon site web apr\u00e8s la fin du projet ?\t\t\t\t\t\t\t<\/button>\r\n\t\t\t\t\t\t<\/h5>\r\n\t\t\t\t\t\t<div id=\"faq23\" class=\"accordion-collapse collapse\" data-bs-parent=\"#accordion\">\r\n\t\t\t\t\t\t\t<div class=\"accordion-body\">\r\n\t\t\t\t\t\t\t\tAbsolument. Nous proposons des services d'assistance, de maintenance et de gestion mensuelle pour les sites Web, l'image de marque et les r\u00e9seaux sociaux.\t\t\t\t\t\t\t<\/div>\r\n\t\t\t\t\t\t<\/div>\r\n\t\t\t\t\t<\/div>\r\n\t\t\t\t\t\t\t\t\t\t<div class=\"accordion-item mb-3 wow fadeInUp\" data-wow-delay=\".5s\">\r\n\t\t\t\t\t\t<h5 class=\"accordion-header\">\r\n\t\t\t\t\t\t\t<button class=\"accordion-button collapsed\" type=\"button\" data-bs-toggle=\"collapse\" data-bs-target=\"#faq24\" aria-expanded=\"false\" aria-controls=\"faq24\">\r\n\t\t\t\t\t\t\t\t5. Comment commencer \u00e0 utiliser Digicraft ?\t\t\t\t\t\t\t<\/button>\r\n\t\t\t\t\t\t<\/h5>\r\n\t\t\t\t\t\t<div id=\"faq24\" class=\"accordion-collapse collapse\" data-bs-parent=\"#accordion\">\r\n\t\t\t\t\t\t\t<div class=\"accordion-body\">\r\n\t\t\t\t\t\t\t\tIl vous suffit de remplir notre formulaire de contact ou de nous contacter par e-mail\/t\u00e9l\u00e9phone. Notre \u00e9quipe comprendra vos besoins, vous fera parvenir une proposition d\u00e9taill\u00e9e et vous guidera tout au long du processus d'int\u00e9gration.\t\t\t\t\t\t\t<\/div>\r\n\t\t\t\t\t\t<\/div>\r\n\t\t\t\t\t<\/div>\r\n\t\t\t\t\t\t\t\t\t<\/div>\r\n\t\t\t<\/div>\r\n\t\t<\/div>\r\n\t<\/div>\r\n\r\n             \r\n\t\t\t\t\t\t<\/div>\n\t\t\t\t<\/div>\n\t\t\t\t<\/div>\n\t\t\t\t\t<\/div>\n\t\t\t\t<\/div>\n\t\t<div class=\"elementor-element elementor-element-617f54d e-con-full e-flex e-con e-parent\" data-id=\"617f54d\" data-element_type=\"container\" data-e-type=\"container\">\n\t\t\t\t<div class=\"elementor-element elementor-element-dc8b548 elementor-widget elementor-widget-digtek-footer-cta-widget\" data-id=\"dc8b548\" data-element_type=\"widget\" data-e-type=\"widget\" data-widget_type=\"digtek-footer-cta-widget.default\">\n\t\t\t\t<div class=\"elementor-widget-container\">\n\t\t\t\t\t\r\n\t\r\n\t<section class=\"cta-section section-bg section-padding pb-0\">\r\n\t\t<div class=\"rokect-shape float-bob-y\">\r\n\t\t   \r\n\t\t\t<img decoding=\"async\" src=\"https:\/\/digicraft.us\/wp-content\/uploads\/2024\/11\/rokect.png\" alt=\"\"\/>\r\n\t\t\t\t<\/div>\r\n\t\t<div class=\"container\">\r\n\t\t\t<div class=\"cta-wrapper bg-cover\" style=\"background-image: url('https:\/\/digicraft.us\/wp-content\/uploads\/2025\/11\/Blue-Minimalist-Desktop-Wallpaper-3.png');\">\r\n\t\t\t\t<div class=\"cta-img wow img-custom-anim-left\" data-wow-duration=\"1.5s\" data-wow-delay=\"0.3s\">\r\n\t\t\t\t   \r\n\t\t\t\t\t<img decoding=\"async\" src=\"https:\/\/digicraft.us\/wp-content\/uploads\/2024\/11\/cta-img.png\" alt=\"\"\/>\r\n\t\t\t\t\t\t\t\t<\/div>\r\n\t\t\t\t<h2 class=\"wow fadeInUp\" data-wow-delay=\".3s\">\r\n\t\t\t\t\tRestez connect\u00e9 avec <br> Technologies de pointe\t\t\t\t<\/h2>\r\n\t\t\t\t<div class=\"main-button wow fadeInUp\" data-wow-delay=\".5s\">\r\n\t\t\t\t\t<a href=\"https:\/\/digicraft.us\/fr\/contact\/\"> <span class=\"theme-btn\"> Parlez \u00e0 un sp\u00e9cialiste <\/span><span class=\"arrow-btn\"><i class=\"fa-regular fa-arrow-up-right\"><\/i><\/span><\/a>\r\n\t\t\t\t<\/div>\r\n\t\t\t<\/div>\r\n\t\t<\/div>\r\n\t<\/section>\r\n\r\n\t\t\r\n             \r\n\t\t\t\t\t\t<\/div>\n\t\t\t\t<\/div>\n\t\t\t\t<\/div>\n\t\t\t\t<\/div>","protected":false},"excerpt":{"rendered":"<p>Business Grow Digital Marketing SEO Marketing Website Design Graphic Design Social Media Marketing eCommerce Solutions Content Writing Business Grow Digital Marketing SEO Marketing Website Design Graphic Design Social Media Marketing eCommerce Solutions Content Writing Business Grow Digital Marketing SEO Marketing Website Design Graphic Design Social Media Marketing eCommerce Solutions Content Writing FAQ&#8217;s Let\u2019s make something<\/p>","protected":false},"author":1,"featured_media":0,"parent":0,"menu_order":0,"comment_status":"closed","ping_status":"closed","template":"elementor_header_footer","meta":{"inline_featured_image":false,"_monsterinsights_skip_tracking":false,"_monsterinsights_sitenote_active":false,"_monsterinsights_sitenote_note":"","_monsterinsights_sitenote_category":0,"footnotes":""},"class_list":["post-1054","page","type-page","status-publish","hentry"],"_links":{"self":[{"href":"https:\/\/digicraft.us\/fr\/wp-json\/wp\/v2\/pages\/1054","targetHints":{"allow":["GET"]}}],"collection":[{"href":"https:\/\/digicraft.us\/fr\/wp-json\/wp\/v2\/pages"}],"about":[{"href":"https:\/\/digicraft.us\/fr\/wp-json\/wp\/v2\/types\/page"}],"author":[{"embeddable":true,"href":"https:\/\/digicraft.us\/fr\/wp-json\/wp\/v2\/users\/1"}],"replies":[{"embeddable":true,"href":"https:\/\/digicraft.us\/fr\/wp-json\/wp\/v2\/comments?post=1054"}],"version-history":[{"count":7,"href":"https:\/\/digicraft.us\/fr\/wp-json\/wp\/v2\/pages\/1054\/revisions"}],"predecessor-version":[{"id":2119,"href":"https:\/\/digicraft.us\/fr\/wp-json\/wp\/v2\/pages\/1054\/revisions\/2119"}],"wp:attachment":[{"href":"https:\/\/digicraft.us\/fr\/wp-json\/wp\/v2\/media?parent=1054"}],"curies":[{"name":"wp","href":"https:\/\/api.w.org\/{rel}","templated":true}]}}